{"id":574,"date":"2022-08-12T21:54:34","date_gmt":"2022-08-13T00:54:34","guid":{"rendered":"https:\/\/aboip.flek.com.br\/?page_id=574"},"modified":"2022-09-05T18:56:26","modified_gmt":"2022-09-05T21:56:26","slug":"fernando-braune","status":"publish","type":"page","link":"https:\/\/aboip.com\/pt\/fernando-braune\/","title":{"rendered":"Fernando Braune"},"content":{"rendered":"<div data-elementor-type=\"wp-post\" data-elementor-id=\"574\" class=\"elementor elementor-574\">\n\t\t\t\t\t\t<section class=\"elementor-section elementor-top-section elementor-element elementor-element-ccb8775 elementor-section-height-min-height elementor-section-boxed elementor-section-height-default elementor-section-items-middle\" data-id=\"ccb8775\" data-element_type=\"section\" data-e-type=\"section\" data-settings=\"{&quot;background_background&quot;:&quot;classic&quot;}\">\n\t\t\t\t\t\t<div class=\"elementor-container elementor-column-gap-default\">\n\t\t\t\t\t<div class=\"elementor-column elementor-col-100 elementor-top-column elementor-element elementor-element-113ffc8a\" data-id=\"113ffc8a\" data-element_type=\"column\" data-e-type=\"column\">\n\t\t\t<div class=\"elementor-widget-wrap elementor-element-populated\">\n\t\t\t\t\t\t<div class=\"elementor-element elementor-element-d8fd35f elementor-widget elementor-widget-heading\" data-id=\"d8fd35f\" data-element_type=\"widget\" data-e-type=\"widget\" data-widget_type=\"heading.default\">\n\t\t\t\t<div class=\"elementor-widget-container\">\n\t\t\t\t\t<h1 class=\"elementor-heading-title elementor-size-default\">Fernando Braune<\/h1>\t\t\t\t<\/div>\n\t\t\t\t<\/div>\n\t\t\t\t\t<\/div>\n\t\t<\/div>\n\t\t\t\t\t<\/div>\n\t\t<\/section>\n\t\t\t\t<section class=\"elementor-section elementor-top-section elementor-element elementor-element-4c8cfb21 elementor-section-boxed elementor-section-height-default elementor-section-height-default\" data-id=\"4c8cfb21\" data-element_type=\"section\" data-e-type=\"section\">\n\t\t\t\t\t\t<div class=\"elementor-container elementor-column-gap-default\">\n\t\t\t\t\t<div class=\"elementor-column elementor-col-33 elementor-top-column elementor-element elementor-element-5d6feae7\" data-id=\"5d6feae7\" data-element_type=\"column\" data-e-type=\"column\">\n\t\t\t<div class=\"elementor-widget-wrap elementor-element-populated\">\n\t\t\t\t\t\t<div class=\"elementor-element elementor-element-46708a14 elementor-widget elementor-widget-image\" data-id=\"46708a14\" data-element_type=\"widget\" data-e-type=\"widget\" data-widget_type=\"image.default\">\n\t\t\t\t<div class=\"elementor-widget-container\">\n\t\t\t\t\t\t\t\t\t\t\t\t\t\t\t<img fetchpriority=\"high\" decoding=\"async\" width=\"600\" height=\"900\" src=\"https:\/\/aboip.com\/wp-content\/uploads\/2022\/09\/004-ABO-IP.jpg\" class=\"attachment-large size-large wp-image-753\" alt=\"\" srcset=\"https:\/\/aboip.com\/wp-content\/uploads\/2022\/09\/004-ABO-IP.jpg 600w, https:\/\/aboip.com\/wp-content\/uploads\/2022\/09\/004-ABO-IP-200x300.jpg 200w, https:\/\/aboip.com\/wp-content\/uploads\/2022\/09\/004-ABO-IP-8x12.jpg 8w\" sizes=\"(max-width: 600px) 100vw, 600px\" \/>\t\t\t\t\t\t\t\t\t\t\t\t\t\t\t<\/div>\n\t\t\t\t<\/div>\n\t\t\t\t\t<\/div>\n\t\t<\/div>\n\t\t\t\t<div class=\"elementor-column elementor-col-66 elementor-top-column elementor-element elementor-element-56ac8d92\" data-id=\"56ac8d92\" data-element_type=\"column\" data-e-type=\"column\">\n\t\t\t<div class=\"elementor-widget-wrap elementor-element-populated\">\n\t\t\t\t\t\t<div class=\"elementor-element elementor-element-9e2c32b elementor-widget elementor-widget-text-editor\" data-id=\"9e2c32b\" data-element_type=\"widget\" data-e-type=\"widget\" data-widget_type=\"text-editor.default\">\n\t\t\t\t<div class=\"elementor-widget-container\">\n\t\t\t\t\t\t\t\t\t<p>Fernando Braune has been working with patents for thirty years.  He has an in-depth knowledge of Brazil\u2019s industrial property laws, particularly in the field of patent. Fernando manages portfolios for well-known clients in different areas such as pharmaceutical, chemical, biotechnology, mechanical, electrical, among others. He has presented lectures in several seminars and at various clients during visits to the United States, Japan and Europe. Fernando\u2019s articles about patent and innovation have been published in important international and local magazines.<\/p>\t\t\t\t\t\t\t\t<\/div>\n\t\t\t\t<\/div>\n\t\t\t\t<div class=\"elementor-element elementor-element-aedd0f6 elementor-widget elementor-widget-heading\" data-id=\"aedd0f6\" data-element_type=\"widget\" data-e-type=\"widget\" data-widget_type=\"heading.default\">\n\t\t\t\t<div class=\"elementor-widget-container\">\n\t\t\t\t\t<h3 class=\"elementor-heading-title elementor-size-default\">Contact:<\/h3>\t\t\t\t<\/div>\n\t\t\t\t<\/div>\n\t\t\t\t<div class=\"elementor-element elementor-element-15b5969 elementor-icon-list--layout-traditional elementor-list-item-link-full_width elementor-widget elementor-widget-icon-list\" data-id=\"15b5969\" data-element_type=\"widget\" data-e-type=\"widget\" data-widget_type=\"icon-list.default\">\n\t\t\t\t<div class=\"elementor-widget-container\">\n\t\t\t\t\t\t\t<ul class=\"elementor-icon-list-items\">\n\t\t\t\t\t\t\t<li class=\"elementor-icon-list-item\">\n\t\t\t\t\t\t\t\t\t\t\t<a href=\"mailto:fernando.braune@aboip.com\">\n\n\t\t\t\t\t\t\t\t\t\t\t\t<span class=\"elementor-icon-list-icon\">\n\t\t\t\t\t\t\t<i aria-hidden=\"true\" class=\"fas fa-envelope\"><\/i>\t\t\t\t\t\t<\/span>\n\t\t\t\t\t\t\t\t\t\t<span class=\"elementor-icon-list-text\">fernando.braune@aboip.com<\/span>\n\t\t\t\t\t\t\t\t\t\t\t<\/a>\n\t\t\t\t\t\t\t\t\t<\/li>\n\t\t\t\t\t\t\t\t<li class=\"elementor-icon-list-item\">\n\t\t\t\t\t\t\t\t\t\t\t<a href=\"https:\/\/linkedin.com\/in\/fernando-braune-78416265\">\n\n\t\t\t\t\t\t\t\t\t\t\t\t<span class=\"elementor-icon-list-icon\">\n\t\t\t\t\t\t\t<i aria-hidden=\"true\" class=\"fab fa-linkedin\"><\/i>\t\t\t\t\t\t<\/span>\n\t\t\t\t\t\t\t\t\t\t<span class=\"elementor-icon-list-text\">https:\/\/linkedin.com\/in\/fernando-braune-78416265<\/span>\n\t\t\t\t\t\t\t\t\t\t\t<\/a>\n\t\t\t\t\t\t\t\t\t<\/li>\n\t\t\t\t\t\t<\/ul>\n\t\t\t\t\t\t<\/div>\n\t\t\t\t<\/div>\n\t\t\t\t<div class=\"elementor-element elementor-element-445e6c07 elementor-widget elementor-widget-heading\" data-id=\"445e6c07\" data-element_type=\"widget\" data-e-type=\"widget\" data-widget_type=\"heading.default\">\n\t\t\t\t<div class=\"elementor-widget-container\">\n\t\t\t\t\t<h3 class=\"elementor-heading-title elementor-size-default\">Education:<\/h3>\t\t\t\t<\/div>\n\t\t\t\t<\/div>\n\t\t\t\t<div class=\"elementor-element elementor-element-7ec582a9 elementor-widget elementor-widget-text-editor\" data-id=\"7ec582a9\" data-element_type=\"widget\" data-e-type=\"widget\" data-widget_type=\"text-editor.default\">\n\t\t\t\t<div class=\"elementor-widget-container\">\n\t\t\t\t\t\t\t\t\t<ul><li>Graduated as Chemical Engineer &#8211; Universidade Federal do Rio de Janeiro (UFRJ)<\/li><li>Professor of the MBA &#8220;Strategic Innovation&#8221;, at Funda\u00e7\u00e3o Get\u00falio Vargas<\/li><li>Former professor and coordinator of Patent courses at ABAPI<\/li><li>Former post graduation professor of IP courses at the Universidade<br \/>Estadual do Rio de Janeiro (UERJ)<\/li><\/ul>\t\t\t\t\t\t\t\t<\/div>\n\t\t\t\t<\/div>\n\t\t\t\t<div class=\"elementor-element elementor-element-2516989 elementor-widget elementor-widget-heading\" data-id=\"2516989\" data-element_type=\"widget\" data-e-type=\"widget\" data-widget_type=\"heading.default\">\n\t\t\t\t<div class=\"elementor-widget-container\">\n\t\t\t\t\t<h3 class=\"elementor-heading-title elementor-size-default\">Affiliations:<\/h3>\t\t\t\t<\/div>\n\t\t\t\t<\/div>\n\t\t\t\t<div class=\"elementor-element elementor-element-28fcbaa elementor-widget elementor-widget-text-editor\" data-id=\"28fcbaa\" data-element_type=\"widget\" data-e-type=\"widget\" data-widget_type=\"text-editor.default\">\n\t\t\t\t<div class=\"elementor-widget-container\">\n\t\t\t\t\t\t\t\t\t<ul><li>Member of the American Chamber of Commerce (AMCHAM)<\/li><li>Member of the CRQ (Regional Chemistry Council)<\/li><li>Member of the ABPI (Brazilian Intellectual Property Association)<\/li><li>Member of ABAPI (Brazilian Industrial Property Agents Association)<\/li><\/ul>\t\t\t\t\t\t\t\t<\/div>\n\t\t\t\t<\/div>\n\t\t\t\t\t<\/div>\n\t\t<\/div>\n\t\t\t\t\t<\/div>\n\t\t<\/section>\n\t\t\t\t<\/div>","protected":false},"excerpt":{"rendered":"<p>Fernando Braune Fernando Braune has been working with patents for thirty years. He has an in-depth knowledge of Brazil\u2019s industrial property laws, particularly in the field of patent. Fernando manages portfolios for well-known clients in different areas such as pharmaceutical, chemical, biotechnology, mechanical, electrical, among others. He has presented lectures in several seminars and at [&hellip;]<\/p>\n","protected":false},"author":1,"featured_media":0,"parent":0,"menu_order":0,"comment_status":"closed","ping_status":"closed","template":"elementor_header_footer","meta":{"footnotes":""},"class_list":["post-574","page","type-page","status-publish","hentry"],"yoast_head":"<!-- This site is optimized with the Yoast SEO plugin v27.4 - https:\/\/yoast.com\/product\/yoast-seo-wordpress\/ -->\n<title>Fernando Braune - ABO IP<\/title>\n<meta name=\"robots\" content=\"index, follow, max-snippet:-1, max-image-preview:large, max-video-preview:-1\" \/>\n<link rel=\"canonical\" href=\"https:\/\/aboip.flek.com.br\/fernando-braune\/\" \/>\n<meta property=\"og:locale\" content=\"pt_BR\" \/>\n<meta property=\"og:type\" content=\"article\" \/>\n<meta property=\"og:title\" content=\"Fernando Braune - ABO IP\" \/>\n<meta property=\"og:description\" content=\"Fernando Braune Fernando Braune has been working with patents for thirty years. He has an in-depth knowledge of Brazil\u2019s industrial property laws, particularly in the field of patent. Fernando manages portfolios for well-known clients in different areas such as pharmaceutical, chemical, biotechnology, mechanical, electrical, among others. He has presented lectures in several seminars and at [&hellip;]\" \/>\n<meta property=\"og:url\" content=\"https:\/\/aboip.flek.com.br\/fernando-braune\/\" \/>\n<meta property=\"og:site_name\" content=\"ABO IP\" \/>\n<meta property=\"article:publisher\" content=\"https:\/\/www.facebook.com\/ABO-IP-Abrantes-Bellingall-Otero-Advogados-308944026185672\/\" \/>\n<meta property=\"article:modified_time\" content=\"2022-09-05T21:56:26+00:00\" \/>\n<meta property=\"og:image\" content=\"https:\/\/aboip.flek.com.br\/wp-content\/uploads\/2022\/09\/004-ABO-IP.jpg\" \/>\n<meta name=\"twitter:card\" content=\"summary_large_image\" \/>\n<meta name=\"twitter:label1\" content=\"Est. tempo de leitura\" \/>\n\t<meta name=\"twitter:data1\" content=\"1 minuto\" \/>\n<script type=\"application\/ld+json\" class=\"yoast-schema-graph\">{\"@context\":\"https:\\\/\\\/schema.org\",\"@graph\":[{\"@type\":\"WebPage\",\"@id\":\"https:\\\/\\\/aboip.flek.com.br\\\/fernando-braune\\\/\",\"url\":\"https:\\\/\\\/aboip.flek.com.br\\\/fernando-braune\\\/\",\"name\":\"Fernando Braune - ABO IP\",\"isPartOf\":{\"@id\":\"https:\\\/\\\/aboip.flek.com.br\\\/pt\\\/#website\"},\"primaryImageOfPage\":{\"@id\":\"https:\\\/\\\/aboip.flek.com.br\\\/fernando-braune\\\/#primaryimage\"},\"image\":{\"@id\":\"https:\\\/\\\/aboip.flek.com.br\\\/fernando-braune\\\/#primaryimage\"},\"thumbnailUrl\":\"https:\\\/\\\/aboip.com\\\/wp-content\\\/uploads\\\/2022\\\/09\\\/004-ABO-IP.jpg\",\"datePublished\":\"2022-08-13T00:54:34+00:00\",\"dateModified\":\"2022-09-05T21:56:26+00:00\",\"breadcrumb\":{\"@id\":\"https:\\\/\\\/aboip.flek.com.br\\\/fernando-braune\\\/#breadcrumb\"},\"inLanguage\":\"pt-BR\",\"potentialAction\":[{\"@type\":\"ReadAction\",\"target\":[\"https:\\\/\\\/aboip.flek.com.br\\\/fernando-braune\\\/\"]}]},{\"@type\":\"ImageObject\",\"inLanguage\":\"pt-BR\",\"@id\":\"https:\\\/\\\/aboip.flek.com.br\\\/fernando-braune\\\/#primaryimage\",\"url\":\"https:\\\/\\\/aboip.com\\\/wp-content\\\/uploads\\\/2022\\\/09\\\/004-ABO-IP.jpg\",\"contentUrl\":\"https:\\\/\\\/aboip.com\\\/wp-content\\\/uploads\\\/2022\\\/09\\\/004-ABO-IP.jpg\"},{\"@type\":\"BreadcrumbList\",\"@id\":\"https:\\\/\\\/aboip.flek.com.br\\\/fernando-braune\\\/#breadcrumb\",\"itemListElement\":[{\"@type\":\"ListItem\",\"position\":1,\"name\":\"Home\",\"item\":\"https:\\\/\\\/aboip.com\\\/\"},{\"@type\":\"ListItem\",\"position\":2,\"name\":\"Fernando Braune\"}]},{\"@type\":\"WebSite\",\"@id\":\"https:\\\/\\\/aboip.flek.com.br\\\/pt\\\/#website\",\"url\":\"https:\\\/\\\/aboip.flek.com.br\\\/pt\\\/\",\"name\":\"ABO IP\",\"description\":\"Dynamism, Creativity, Organization And Efficiency: The Necessary Pillars For Excellence In The Representation Of Our Clients\",\"publisher\":{\"@id\":\"https:\\\/\\\/aboip.flek.com.br\\\/pt\\\/#organization\"},\"potentialAction\":[{\"@type\":\"SearchAction\",\"target\":{\"@type\":\"EntryPoint\",\"urlTemplate\":\"https:\\\/\\\/aboip.flek.com.br\\\/pt\\\/?s={search_term_string}\"},\"query-input\":{\"@type\":\"PropertyValueSpecification\",\"valueRequired\":true,\"valueName\":\"search_term_string\"}}],\"inLanguage\":\"pt-BR\"},{\"@type\":\"Organization\",\"@id\":\"https:\\\/\\\/aboip.flek.com.br\\\/pt\\\/#organization\",\"name\":\"ABO IP\",\"url\":\"https:\\\/\\\/aboip.flek.com.br\\\/pt\\\/\",\"logo\":{\"@type\":\"ImageObject\",\"inLanguage\":\"pt-BR\",\"@id\":\"https:\\\/\\\/aboip.flek.com.br\\\/pt\\\/#\\\/schema\\\/logo\\\/image\\\/\",\"url\":\"https:\\\/\\\/aboip.com\\\/wp-content\\\/uploads\\\/2022\\\/08\\\/logo-com-nome-e1660309663845.jpeg\",\"contentUrl\":\"https:\\\/\\\/aboip.com\\\/wp-content\\\/uploads\\\/2022\\\/08\\\/logo-com-nome-e1660309663845.jpeg\",\"width\":120,\"height\":157,\"caption\":\"ABO IP\"},\"image\":{\"@id\":\"https:\\\/\\\/aboip.flek.com.br\\\/pt\\\/#\\\/schema\\\/logo\\\/image\\\/\"},\"sameAs\":[\"https:\\\/\\\/www.facebook.com\\\/ABO-IP-Abrantes-Bellingall-Otero-Advogados-308944026185672\\\/\",\"https:\\\/\\\/www.linkedin.com\\\/company\\\/16234781\"]}]}<\/script>\n<!-- \/ Yoast SEO plugin. -->","yoast_head_json":{"title":"Fernando Braune - ABO IP","robots":{"index":"index","follow":"follow","max-snippet":"max-snippet:-1","max-image-preview":"max-image-preview:large","max-video-preview":"max-video-preview:-1"},"canonical":"https:\/\/aboip.flek.com.br\/fernando-braune\/","og_locale":"pt_BR","og_type":"article","og_title":"Fernando Braune - ABO IP","og_description":"Fernando Braune Fernando Braune has been working with patents for thirty years. He has an in-depth knowledge of Brazil\u2019s industrial property laws, particularly in the field of patent. Fernando manages portfolios for well-known clients in different areas such as pharmaceutical, chemical, biotechnology, mechanical, electrical, among others. He has presented lectures in several seminars and at [&hellip;]","og_url":"https:\/\/aboip.flek.com.br\/fernando-braune\/","og_site_name":"ABO IP","article_publisher":"https:\/\/www.facebook.com\/ABO-IP-Abrantes-Bellingall-Otero-Advogados-308944026185672\/","article_modified_time":"2022-09-05T21:56:26+00:00","og_image":[{"url":"https:\/\/aboip.flek.com.br\/wp-content\/uploads\/2022\/09\/004-ABO-IP.jpg","type":"","width":"","height":""}],"twitter_card":"summary_large_image","twitter_misc":{"Est. tempo de leitura":"1 minuto"},"schema":{"@context":"https:\/\/schema.org","@graph":[{"@type":"WebPage","@id":"https:\/\/aboip.flek.com.br\/fernando-braune\/","url":"https:\/\/aboip.flek.com.br\/fernando-braune\/","name":"Fernando Braune - ABO IP","isPartOf":{"@id":"https:\/\/aboip.flek.com.br\/pt\/#website"},"primaryImageOfPage":{"@id":"https:\/\/aboip.flek.com.br\/fernando-braune\/#primaryimage"},"image":{"@id":"https:\/\/aboip.flek.com.br\/fernando-braune\/#primaryimage"},"thumbnailUrl":"https:\/\/aboip.com\/wp-content\/uploads\/2022\/09\/004-ABO-IP.jpg","datePublished":"2022-08-13T00:54:34+00:00","dateModified":"2022-09-05T21:56:26+00:00","breadcrumb":{"@id":"https:\/\/aboip.flek.com.br\/fernando-braune\/#breadcrumb"},"inLanguage":"pt-BR","potentialAction":[{"@type":"ReadAction","target":["https:\/\/aboip.flek.com.br\/fernando-braune\/"]}]},{"@type":"ImageObject","inLanguage":"pt-BR","@id":"https:\/\/aboip.flek.com.br\/fernando-braune\/#primaryimage","url":"https:\/\/aboip.com\/wp-content\/uploads\/2022\/09\/004-ABO-IP.jpg","contentUrl":"https:\/\/aboip.com\/wp-content\/uploads\/2022\/09\/004-ABO-IP.jpg"},{"@type":"BreadcrumbList","@id":"https:\/\/aboip.flek.com.br\/fernando-braune\/#breadcrumb","itemListElement":[{"@type":"ListItem","position":1,"name":"Home","item":"https:\/\/aboip.com\/"},{"@type":"ListItem","position":2,"name":"Fernando Braune"}]},{"@type":"WebSite","@id":"https:\/\/aboip.flek.com.br\/pt\/#website","url":"https:\/\/aboip.flek.com.br\/pt\/","name":"ABO IP","description":"Dynamism, Creativity, Organization And Efficiency: The Necessary Pillars For Excellence In The Representation Of Our Clients","publisher":{"@id":"https:\/\/aboip.flek.com.br\/pt\/#organization"},"potentialAction":[{"@type":"SearchAction","target":{"@type":"EntryPoint","urlTemplate":"https:\/\/aboip.flek.com.br\/pt\/?s={search_term_string}"},"query-input":{"@type":"PropertyValueSpecification","valueRequired":true,"valueName":"search_term_string"}}],"inLanguage":"pt-BR"},{"@type":"Organization","@id":"https:\/\/aboip.flek.com.br\/pt\/#organization","name":"ABO IP","url":"https:\/\/aboip.flek.com.br\/pt\/","logo":{"@type":"ImageObject","inLanguage":"pt-BR","@id":"https:\/\/aboip.flek.com.br\/pt\/#\/schema\/logo\/image\/","url":"https:\/\/aboip.com\/wp-content\/uploads\/2022\/08\/logo-com-nome-e1660309663845.jpeg","contentUrl":"https:\/\/aboip.com\/wp-content\/uploads\/2022\/08\/logo-com-nome-e1660309663845.jpeg","width":120,"height":157,"caption":"ABO IP"},"image":{"@id":"https:\/\/aboip.flek.com.br\/pt\/#\/schema\/logo\/image\/"},"sameAs":["https:\/\/www.facebook.com\/ABO-IP-Abrantes-Bellingall-Otero-Advogados-308944026185672\/","https:\/\/www.linkedin.com\/company\/16234781"]}]}},"_links":{"self":[{"href":"https:\/\/aboip.com\/pt\/wp-json\/wp\/v2\/pages\/574","targetHints":{"allow":["GET"]}}],"collection":[{"href":"https:\/\/aboip.com\/pt\/wp-json\/wp\/v2\/pages"}],"about":[{"href":"https:\/\/aboip.com\/pt\/wp-json\/wp\/v2\/types\/page"}],"author":[{"embeddable":true,"href":"https:\/\/aboip.com\/pt\/wp-json\/wp\/v2\/users\/1"}],"replies":[{"embeddable":true,"href":"https:\/\/aboip.com\/pt\/wp-json\/wp\/v2\/comments?post=574"}],"version-history":[{"count":13,"href":"https:\/\/aboip.com\/pt\/wp-json\/wp\/v2\/pages\/574\/revisions"}],"predecessor-version":[{"id":817,"href":"https:\/\/aboip.com\/pt\/wp-json\/wp\/v2\/pages\/574\/revisions\/817"}],"wp:attachment":[{"href":"https:\/\/aboip.com\/pt\/wp-json\/wp\/v2\/media?parent=574"}],"curies":[{"name":"wp","href":"https:\/\/api.w.org\/{rel}","templated":true}]}}